{"id":1419,"date":"2021-03-25T14:49:02","date_gmt":"2021-03-25T14:49:02","guid":{"rendered":"https:\/\/www.oldtownroomspiran.com\/accommodation\/"},"modified":"2026-02-05T18:41:00","modified_gmt":"2026-02-05T17:41:00","slug":"sobe","status":"publish","type":"page","link":"https:\/\/www.oldtownroomspiran.com\/sl\/sobe\/","title":{"rendered":"Sobe"},"content":{"rendered":"","protected":false},"excerpt":{"rendered":"<p> [&#8230;]<\/p>\n<p><a class=\"btn btn-secondary understrap-read-more-link\" href=\"https:\/\/www.oldtownroomspiran.com\/sl\/sobe\/\">Preberi ve\u010d\u2026<\/a><\/p>\n","protected":false},"author":1,"featured_media":6355,"parent":0,"menu_order":0,"comment_status":"closed","ping_status":"closed","template":"page-templates\/content-accomodations.php","meta":{"_acf_changed":false,"footnotes":""},"class_list":["post-1419","page","type-page","status-publish","has-post-thumbnail","hentry"],"acf":[],"yoast_head":"<!-- This site is optimized with the Yoast SEO plugin v27.4 - https:\/\/yoast.com\/product\/yoast-seo-wordpress\/ -->\n<title>Udobne Sobe v Sredi\u0161\u010du Pirana | Old Town Rooms Piran<\/title>\n<meta name=\"description\" content=\"Odkrijte udobne in prostorne sobe v Old Town Rooms Piran. Odli\u010dna lokacija v sredi\u0161\u010du Pirana, blizu morja, restavracij in zgodovinskih znamenitosti.\" \/>\n<meta name=\"robots\" content=\"index, follow, max-snippet:-1, max-image-preview:large, max-video-preview:-1\" \/>\n<link rel=\"canonical\" href=\"https:\/\/www.oldtownroomspiran.com\/sl\/sobe\/\" \/>\n<meta property=\"og:locale\" content=\"sl_SI\" \/>\n<meta property=\"og:type\" content=\"article\" \/>\n<meta property=\"og:title\" content=\"Udobne Sobe v Sredi\u0161\u010du Pirana | Old Town Rooms Piran\" \/>\n<meta property=\"og:description\" content=\"Odkrijte udobne in prostorne sobe v Old Town Rooms Piran. Odli\u010dna lokacija v sredi\u0161\u010du Pirana, blizu morja, restavracij in zgodovinskih znamenitosti.\" \/>\n<meta property=\"og:url\" content=\"https:\/\/www.oldtownroomspiran.com\/sl\/sobe\/\" \/>\n<meta property=\"og:site_name\" content=\"Old Town Rooms\" \/>\n<meta property=\"article:publisher\" content=\"https:\/\/www.facebook.com\/oldtownroomspiran\" \/>\n<meta property=\"article:modified_time\" content=\"2026-02-05T17:41:00+00:00\" \/>\n<meta property=\"og:image\" content=\"https:\/\/www.oldtownroomspiran.com\/wp-content\/uploads\/sites\/4\/2023\/01\/WEB-BURJA_HOTELS-Old_Town-MAIN.jpg\" \/>\n\t<meta property=\"og:image:width\" content=\"1024\" \/>\n\t<meta property=\"og:image:height\" content=\"666\" \/>\n\t<meta property=\"og:image:type\" content=\"image\/jpeg\" \/>\n<meta name=\"twitter:card\" content=\"summary_large_image\" \/>\n<meta name=\"twitter:title\" content=\"Udobne Sobe v Sredi\u0161\u010du Pirana | Old Town Rooms Piran\" \/>\n<meta name=\"twitter:description\" content=\"Odkrijte udobne in prostorne sobe v Old Town Rooms Piran. Odli\u010dna lokacija v sredi\u0161\u010du Pirana, blizu morja, restavracij in zgodovinskih znamenitosti.\" \/>\n<meta name=\"twitter:label1\" content=\"Est. reading time\" \/>\n\t<meta name=\"twitter:data1\" content=\"1 minuta\" \/>\n<script type=\"application\/ld+json\" class=\"yoast-schema-graph\">{\"@context\":\"https:\\\/\\\/schema.org\",\"@graph\":[{\"@type\":[\"WebPage\",\"AboutPage\"],\"@id\":\"https:\\\/\\\/www.oldtownroomspiran.com\\\/sl\\\/sobe\\\/\",\"url\":\"https:\\\/\\\/www.oldtownroomspiran.com\\\/sl\\\/sobe\\\/\",\"name\":\"Udobne Sobe v Sredi\u0161\u010du Pirana | Old Town Rooms Piran\",\"isPartOf\":{\"@id\":\"https:\\\/\\\/www.oldtownroomspiran.com\\\/sl\\\/#website\"},\"primaryImageOfPage\":{\"@id\":\"https:\\\/\\\/www.oldtownroomspiran.com\\\/sl\\\/sobe\\\/#primaryimage\"},\"image\":{\"@id\":\"https:\\\/\\\/www.oldtownroomspiran.com\\\/sl\\\/sobe\\\/#primaryimage\"},\"thumbnailUrl\":\"https:\\\/\\\/www.oldtownroomspiran.com\\\/wp-content\\\/uploads\\\/sites\\\/4\\\/2021\\\/04\\\/OTR-NEW_DBL-33-EDITED.jpg\",\"datePublished\":\"2021-03-25T14:49:02+00:00\",\"dateModified\":\"2026-02-05T17:41:00+00:00\",\"description\":\"Odkrijte udobne in prostorne sobe v Old Town Rooms Piran. Odli\u010dna lokacija v sredi\u0161\u010du Pirana, blizu morja, restavracij in zgodovinskih znamenitosti.\",\"breadcrumb\":{\"@id\":\"https:\\\/\\\/www.oldtownroomspiran.com\\\/sl\\\/sobe\\\/#breadcrumb\"},\"inLanguage\":\"sl-SI\",\"potentialAction\":[{\"@type\":\"ReadAction\",\"target\":[\"https:\\\/\\\/www.oldtownroomspiran.com\\\/sl\\\/sobe\\\/\"]}]},{\"@type\":\"ImageObject\",\"inLanguage\":\"sl-SI\",\"@id\":\"https:\\\/\\\/www.oldtownroomspiran.com\\\/sl\\\/sobe\\\/#primaryimage\",\"url\":\"https:\\\/\\\/www.oldtownroomspiran.com\\\/wp-content\\\/uploads\\\/sites\\\/4\\\/2021\\\/04\\\/OTR-NEW_DBL-33-EDITED.jpg\",\"contentUrl\":\"https:\\\/\\\/www.oldtownroomspiran.com\\\/wp-content\\\/uploads\\\/sites\\\/4\\\/2021\\\/04\\\/OTR-NEW_DBL-33-EDITED.jpg\",\"width\":2000,\"height\":1335},{\"@type\":\"BreadcrumbList\",\"@id\":\"https:\\\/\\\/www.oldtownroomspiran.com\\\/sl\\\/sobe\\\/#breadcrumb\",\"itemListElement\":[{\"@type\":\"ListItem\",\"position\":1,\"name\":\"Home\",\"item\":\"https:\\\/\\\/www.oldtownroomspiran.com\\\/sl\\\/\"},{\"@type\":\"ListItem\",\"position\":2,\"name\":\"Sobe\"}]},{\"@type\":\"WebSite\",\"@id\":\"https:\\\/\\\/www.oldtownroomspiran.com\\\/sl\\\/#website\",\"url\":\"https:\\\/\\\/www.oldtownroomspiran.com\\\/sl\\\/\",\"name\":\"Old Town Rooms Piran, A Charming Guesthosue on the Slovenian Coast\",\"description\":\"Old Town Rooms Piran\",\"publisher\":{\"@id\":\"https:\\\/\\\/www.oldtownroomspiran.com\\\/sl\\\/#organization\"},\"alternateName\":\"Old Town Rooms Piran\",\"potentialAction\":[{\"@type\":\"SearchAction\",\"target\":{\"@type\":\"EntryPoint\",\"urlTemplate\":\"https:\\\/\\\/www.oldtownroomspiran.com\\\/sl\\\/?s={search_term_string}\"},\"query-input\":{\"@type\":\"PropertyValueSpecification\",\"valueRequired\":true,\"valueName\":\"search_term_string\"}}],\"inLanguage\":\"sl-SI\"},{\"@type\":\"Organization\",\"@id\":\"https:\\\/\\\/www.oldtownroomspiran.com\\\/sl\\\/#organization\",\"name\":\"Old Town Rooms Piran\",\"alternateName\":\"Burja Hotels\",\"url\":\"https:\\\/\\\/www.oldtownroomspiran.com\\\/sl\\\/\",\"logo\":{\"@type\":\"ImageObject\",\"inLanguage\":\"sl-SI\",\"@id\":\"https:\\\/\\\/www.oldtownroomspiran.com\\\/sl\\\/#\\\/schema\\\/logo\\\/image\\\/\",\"url\":\"https:\\\/\\\/www.oldtownroomspiran.com\\\/wp-content\\\/uploads\\\/sites\\\/4\\\/2021\\\/04\\\/OLD_TOWN_ROOMS-LOGO_Lemon-Milk.svg\",\"contentUrl\":\"https:\\\/\\\/www.oldtownroomspiran.com\\\/wp-content\\\/uploads\\\/sites\\\/4\\\/2021\\\/04\\\/OLD_TOWN_ROOMS-LOGO_Lemon-Milk.svg\",\"width\":1,\"height\":1,\"caption\":\"Old Town Rooms Piran\"},\"image\":{\"@id\":\"https:\\\/\\\/www.oldtownroomspiran.com\\\/sl\\\/#\\\/schema\\\/logo\\\/image\\\/\"},\"sameAs\":[\"https:\\\/\\\/www.facebook.com\\\/oldtownroomspiran\",\"https:\\\/\\\/www.instagram.com\\\/oldtownroomspiran\",\"https:\\\/\\\/www.linkedin.com\\\/company\\\/burjahotels\"]}]}<\/script>\n<!-- \/ Yoast SEO plugin. -->","yoast_head_json":{"title":"Udobne Sobe v Sredi\u0161\u010du Pirana | Old Town Rooms Piran","description":"Odkrijte udobne in prostorne sobe v Old Town Rooms Piran. Odli\u010dna lokacija v sredi\u0161\u010du Pirana, blizu morja, restavracij in zgodovinskih znamenitosti.","robots":{"index":"index","follow":"follow","max-snippet":"max-snippet:-1","max-image-preview":"max-image-preview:large","max-video-preview":"max-video-preview:-1"},"canonical":"https:\/\/www.oldtownroomspiran.com\/sl\/sobe\/","og_locale":"sl_SI","og_type":"article","og_title":"Udobne Sobe v Sredi\u0161\u010du Pirana | Old Town Rooms Piran","og_description":"Odkrijte udobne in prostorne sobe v Old Town Rooms Piran. Odli\u010dna lokacija v sredi\u0161\u010du Pirana, blizu morja, restavracij in zgodovinskih znamenitosti.","og_url":"https:\/\/www.oldtownroomspiran.com\/sl\/sobe\/","og_site_name":"Old Town Rooms","article_publisher":"https:\/\/www.facebook.com\/oldtownroomspiran","article_modified_time":"2026-02-05T17:41:00+00:00","og_image":[{"width":1024,"height":666,"url":"https:\/\/www.oldtownroomspiran.com\/wp-content\/uploads\/sites\/4\/2023\/01\/WEB-BURJA_HOTELS-Old_Town-MAIN.jpg","type":"image\/jpeg"}],"twitter_card":"summary_large_image","twitter_title":"Udobne Sobe v Sredi\u0161\u010du Pirana | Old Town Rooms Piran","twitter_description":"Odkrijte udobne in prostorne sobe v Old Town Rooms Piran. Odli\u010dna lokacija v sredi\u0161\u010du Pirana, blizu morja, restavracij in zgodovinskih znamenitosti.","twitter_misc":{"Est. reading time":"1 minuta"},"schema":{"@context":"https:\/\/schema.org","@graph":[{"@type":["WebPage","AboutPage"],"@id":"https:\/\/www.oldtownroomspiran.com\/sl\/sobe\/","url":"https:\/\/www.oldtownroomspiran.com\/sl\/sobe\/","name":"Udobne Sobe v Sredi\u0161\u010du Pirana | Old Town Rooms Piran","isPartOf":{"@id":"https:\/\/www.oldtownroomspiran.com\/sl\/#website"},"primaryImageOfPage":{"@id":"https:\/\/www.oldtownroomspiran.com\/sl\/sobe\/#primaryimage"},"image":{"@id":"https:\/\/www.oldtownroomspiran.com\/sl\/sobe\/#primaryimage"},"thumbnailUrl":"https:\/\/www.oldtownroomspiran.com\/wp-content\/uploads\/sites\/4\/2021\/04\/OTR-NEW_DBL-33-EDITED.jpg","datePublished":"2021-03-25T14:49:02+00:00","dateModified":"2026-02-05T17:41:00+00:00","description":"Odkrijte udobne in prostorne sobe v Old Town Rooms Piran. Odli\u010dna lokacija v sredi\u0161\u010du Pirana, blizu morja, restavracij in zgodovinskih znamenitosti.","breadcrumb":{"@id":"https:\/\/www.oldtownroomspiran.com\/sl\/sobe\/#breadcrumb"},"inLanguage":"sl-SI","potentialAction":[{"@type":"ReadAction","target":["https:\/\/www.oldtownroomspiran.com\/sl\/sobe\/"]}]},{"@type":"ImageObject","inLanguage":"sl-SI","@id":"https:\/\/www.oldtownroomspiran.com\/sl\/sobe\/#primaryimage","url":"https:\/\/www.oldtownroomspiran.com\/wp-content\/uploads\/sites\/4\/2021\/04\/OTR-NEW_DBL-33-EDITED.jpg","contentUrl":"https:\/\/www.oldtownroomspiran.com\/wp-content\/uploads\/sites\/4\/2021\/04\/OTR-NEW_DBL-33-EDITED.jpg","width":2000,"height":1335},{"@type":"BreadcrumbList","@id":"https:\/\/www.oldtownroomspiran.com\/sl\/sobe\/#breadcrumb","itemListElement":[{"@type":"ListItem","position":1,"name":"Home","item":"https:\/\/www.oldtownroomspiran.com\/sl\/"},{"@type":"ListItem","position":2,"name":"Sobe"}]},{"@type":"WebSite","@id":"https:\/\/www.oldtownroomspiran.com\/sl\/#website","url":"https:\/\/www.oldtownroomspiran.com\/sl\/","name":"Old Town Rooms Piran, A Charming Guesthosue on the Slovenian Coast","description":"Old Town Rooms Piran","publisher":{"@id":"https:\/\/www.oldtownroomspiran.com\/sl\/#organization"},"alternateName":"Old Town Rooms Piran","potentialAction":[{"@type":"SearchAction","target":{"@type":"EntryPoint","urlTemplate":"https:\/\/www.oldtownroomspiran.com\/sl\/?s={search_term_string}"},"query-input":{"@type":"PropertyValueSpecification","valueRequired":true,"valueName":"search_term_string"}}],"inLanguage":"sl-SI"},{"@type":"Organization","@id":"https:\/\/www.oldtownroomspiran.com\/sl\/#organization","name":"Old Town Rooms Piran","alternateName":"Burja Hotels","url":"https:\/\/www.oldtownroomspiran.com\/sl\/","logo":{"@type":"ImageObject","inLanguage":"sl-SI","@id":"https:\/\/www.oldtownroomspiran.com\/sl\/#\/schema\/logo\/image\/","url":"https:\/\/www.oldtownroomspiran.com\/wp-content\/uploads\/sites\/4\/2021\/04\/OLD_TOWN_ROOMS-LOGO_Lemon-Milk.svg","contentUrl":"https:\/\/www.oldtownroomspiran.com\/wp-content\/uploads\/sites\/4\/2021\/04\/OLD_TOWN_ROOMS-LOGO_Lemon-Milk.svg","width":1,"height":1,"caption":"Old Town Rooms Piran"},"image":{"@id":"https:\/\/www.oldtownroomspiran.com\/sl\/#\/schema\/logo\/image\/"},"sameAs":["https:\/\/www.facebook.com\/oldtownroomspiran","https:\/\/www.instagram.com\/oldtownroomspiran","https:\/\/www.linkedin.com\/company\/burjahotels"]}]}},"_links":{"self":[{"href":"https:\/\/www.oldtownroomspiran.com\/sl\/wp-json\/wp\/v2\/pages\/1419","targetHints":{"allow":["GET"]}}],"collection":[{"href":"https:\/\/www.oldtownroomspiran.com\/sl\/wp-json\/wp\/v2\/pages"}],"about":[{"href":"https:\/\/www.oldtownroomspiran.com\/sl\/wp-json\/wp\/v2\/types\/page"}],"author":[{"embeddable":true,"href":"https:\/\/www.oldtownroomspiran.com\/sl\/wp-json\/wp\/v2\/users\/1"}],"replies":[{"embeddable":true,"href":"https:\/\/www.oldtownroomspiran.com\/sl\/wp-json\/wp\/v2\/comments?post=1419"}],"version-history":[{"count":50,"href":"https:\/\/www.oldtownroomspiran.com\/sl\/wp-json\/wp\/v2\/pages\/1419\/revisions"}],"predecessor-version":[{"id":7382,"href":"https:\/\/www.oldtownroomspiran.com\/sl\/wp-json\/wp\/v2\/pages\/1419\/revisions\/7382"}],"wp:featuredmedia":[{"embeddable":true,"href":"https:\/\/www.oldtownroomspiran.com\/sl\/wp-json\/wp\/v2\/media\/6355"}],"wp:attachment":[{"href":"https:\/\/www.oldtownroomspiran.com\/sl\/wp-json\/wp\/v2\/media?parent=1419"}],"curies":[{"name":"wp","href":"https:\/\/api.w.org\/{rel}","templated":true}]}}