{"id":1448,"date":"2021-03-25T15:00:25","date_gmt":"2021-03-25T15:00:25","guid":{"rendered":"https:\/\/www.oldtownroomspiran.com\/home\/"},"modified":"2026-02-05T15:09:06","modified_gmt":"2026-02-05T14:09:06","slug":"home","status":"publish","type":"page","link":"https:\/\/www.oldtownroomspiran.com\/sl\/","title":{"rendered":"Domov"},"content":{"rendered":"","protected":false},"excerpt":{"rendered":"<p> [&#8230;]<\/p>\n<p><a class=\"btn btn-secondary understrap-read-more-link\" href=\"https:\/\/www.oldtownroomspiran.com\/sl\/\">Preberi ve\u010d\u2026<\/a><\/p>\n","protected":false},"author":1,"featured_media":4934,"parent":0,"menu_order":0,"comment_status":"closed","ping_status":"closed","template":"page-templates\/home.php","meta":{"_acf_changed":false,"footnotes":""},"class_list":["post-1448","page","type-page","status-publish","has-post-thumbnail","hentry"],"acf":[],"yoast_head":"<!-- This site is optimized with the Yoast SEO plugin v27.1.1 - https:\/\/yoast.com\/product\/yoast-seo-wordpress\/ -->\n<title>Sobe v starem Piranu | Bivanje v srcu mesta<\/title>\n<meta name=\"description\" content=\"Udobne sobe v starem Piranu, le korake od morja in Tartinijevega trga. Prijetna nastanitev za spro\u0161\u010deno bivanje v Piranu.\" \/>\n<meta name=\"robots\" content=\"index, follow, max-snippet:-1, max-image-preview:large, max-video-preview:-1\" \/>\n<link rel=\"canonical\" href=\"https:\/\/www.oldtownroomspiran.com\/sl\/\" \/>\n<meta property=\"og:locale\" content=\"sl_SI\" \/>\n<meta property=\"og:type\" content=\"article\" \/>\n<meta property=\"og:title\" content=\"Old Town Rooms Piran | Prostorne in Udobne Sobe v Piranu\" \/>\n<meta property=\"og:description\" content=\"Old Town Rooms Piran ponuja prostorne sobe, moderno udobje in edinstven istrski zna\u010daj. Popolna lokacija v sredi\u0161\u010du Pirana, blizu morja.\" \/>\n<meta property=\"og:url\" content=\"https:\/\/www.oldtownroomspiran.com\/sl\/\" \/>\n<meta property=\"og:site_name\" content=\"Old Town Rooms\" \/>\n<meta property=\"article:publisher\" content=\"https:\/\/www.facebook.com\/oldtownroomspiran\" \/>\n<meta property=\"article:modified_time\" content=\"2026-02-05T14:09:06+00:00\" \/>\n<meta property=\"og:image\" content=\"https:\/\/www.oldtownroomspiran.com\/wp-content\/uploads\/sites\/4\/2023\/01\/WEB-OLD_TOWN_ROOMS-DOUBLE_ROOM-main_cover.jpg\" \/>\n\t<meta property=\"og:image:width\" content=\"1024\" \/>\n\t<meta property=\"og:image:height\" content=\"683\" \/>\n\t<meta property=\"og:image:type\" content=\"image\/jpeg\" \/>\n<meta name=\"twitter:card\" content=\"summary_large_image\" \/>\n<meta name=\"twitter:title\" content=\"Old Town Rooms Piran | Prostorne in Udobne Sobe v Piranu\" \/>\n<meta name=\"twitter:description\" content=\"Old Town Rooms Piran ponuja prostorne sobe, moderno udobje in edinstven istrski zna\u010daj. Popolna lokacija v sredi\u0161\u010du Pirana, blizu morja.\" \/>\n<meta name=\"twitter:image\" content=\"https:\/\/www.oldtownroomspiran.com\/wp-content\/uploads\/sites\/4\/2023\/01\/WEB-OLD_TOWN_ROOMS-DOUBLE_ROOM-main_cover.jpg\" \/>\n<meta name=\"twitter:label1\" content=\"Est. reading time\" \/>\n\t<meta name=\"twitter:data1\" content=\"1 minuta\" \/>\n<script type=\"application\/ld+json\" class=\"yoast-schema-graph\">{\"@context\":\"https:\/\/schema.org\",\"@graph\":[{\"@type\":[\"WebPage\",\"AboutPage\"],\"@id\":\"https:\/\/www.oldtownroomspiran.com\/sl\/\",\"url\":\"https:\/\/www.oldtownroomspiran.com\/sl\/\",\"name\":\"Sobe v starem Piranu | Bivanje v srcu mesta\",\"isPartOf\":{\"@id\":\"https:\/\/www.oldtownroomspiran.com\/sl\/#website\"},\"primaryImageOfPage\":{\"@id\":\"https:\/\/www.oldtownroomspiran.com\/sl\/#primaryimage\"},\"image\":{\"@id\":\"https:\/\/www.oldtownroomspiran.com\/sl\/#primaryimage\"},\"thumbnailUrl\":\"https:\/\/www.oldtownroomspiran.com\/wp-content\/uploads\/sites\/4\/2023\/01\/WEB-OLD_TOWN_ROOMS-DOUBLE_ROOM-main_cover.jpg\",\"datePublished\":\"2021-03-25T15:00:25+00:00\",\"dateModified\":\"2026-02-05T14:09:06+00:00\",\"description\":\"Udobne sobe v starem Piranu, le korake od morja in Tartinijevega trga. Prijetna nastanitev za spro\u0161\u010deno bivanje v Piranu.\",\"breadcrumb\":{\"@id\":\"https:\/\/www.oldtownroomspiran.com\/sl\/#breadcrumb\"},\"inLanguage\":\"sl-SI\",\"potentialAction\":[{\"@type\":\"ReadAction\",\"target\":[\"https:\/\/www.oldtownroomspiran.com\/sl\/\"]}]},{\"@type\":\"ImageObject\",\"inLanguage\":\"sl-SI\",\"@id\":\"https:\/\/www.oldtownroomspiran.com\/sl\/#primaryimage\",\"url\":\"https:\/\/www.oldtownroomspiran.com\/wp-content\/uploads\/sites\/4\/2023\/01\/WEB-OLD_TOWN_ROOMS-DOUBLE_ROOM-main_cover.jpg\",\"contentUrl\":\"https:\/\/www.oldtownroomspiran.com\/wp-content\/uploads\/sites\/4\/2023\/01\/WEB-OLD_TOWN_ROOMS-DOUBLE_ROOM-main_cover.jpg\",\"width\":1024,\"height\":683,\"caption\":\"Double Room - Old Town Rooms Piran\"},{\"@type\":\"BreadcrumbList\",\"@id\":\"https:\/\/www.oldtownroomspiran.com\/sl\/#breadcrumb\",\"itemListElement\":[{\"@type\":\"ListItem\",\"position\":1,\"name\":\"Home\",\"item\":\"https:\/\/www.oldtownroomspiran.com\/sl\/\"},{\"@type\":\"ListItem\",\"position\":2,\"name\":\"Domov\"}]},{\"@type\":\"WebSite\",\"@id\":\"https:\/\/www.oldtownroomspiran.com\/sl\/#website\",\"url\":\"https:\/\/www.oldtownroomspiran.com\/sl\/\",\"name\":\"Old Town Rooms Piran, A Charming Guesthosue on the Slovenian Coast\",\"description\":\"Old Town Rooms Piran\",\"publisher\":{\"@id\":\"https:\/\/www.oldtownroomspiran.com\/sl\/#organization\"},\"alternateName\":\"Old Town Rooms Piran\",\"potentialAction\":[{\"@type\":\"SearchAction\",\"target\":{\"@type\":\"EntryPoint\",\"urlTemplate\":\"https:\/\/www.oldtownroomspiran.com\/sl\/?s={search_term_string}\"},\"query-input\":{\"@type\":\"PropertyValueSpecification\",\"valueRequired\":true,\"valueName\":\"search_term_string\"}}],\"inLanguage\":\"sl-SI\"},{\"@type\":\"Organization\",\"@id\":\"https:\/\/www.oldtownroomspiran.com\/sl\/#organization\",\"name\":\"Old Town Rooms Piran\",\"alternateName\":\"Burja Hotels\",\"url\":\"https:\/\/www.oldtownroomspiran.com\/sl\/\",\"logo\":{\"@type\":\"ImageObject\",\"inLanguage\":\"sl-SI\",\"@id\":\"https:\/\/www.oldtownroomspiran.com\/sl\/#\/schema\/logo\/image\/\",\"url\":\"https:\/\/www.oldtownroomspiran.com\/wp-content\/uploads\/sites\/4\/2021\/04\/OLD_TOWN_ROOMS-LOGO_Lemon-Milk.svg\",\"contentUrl\":\"https:\/\/www.oldtownroomspiran.com\/wp-content\/uploads\/sites\/4\/2021\/04\/OLD_TOWN_ROOMS-LOGO_Lemon-Milk.svg\",\"width\":1,\"height\":1,\"caption\":\"Old Town Rooms Piran\"},\"image\":{\"@id\":\"https:\/\/www.oldtownroomspiran.com\/sl\/#\/schema\/logo\/image\/\"},\"sameAs\":[\"https:\/\/www.facebook.com\/oldtownroomspiran\",\"https:\/\/www.instagram.com\/oldtownroomspiran\",\"https:\/\/www.linkedin.com\/company\/burjahotels\"]}]}<\/script>\n<!-- \/ Yoast SEO plugin. -->","yoast_head_json":{"title":"Sobe v starem Piranu | Bivanje v srcu mesta","description":"Udobne sobe v starem Piranu, le korake od morja in Tartinijevega trga. Prijetna nastanitev za spro\u0161\u010deno bivanje v Piranu.","robots":{"index":"index","follow":"follow","max-snippet":"max-snippet:-1","max-image-preview":"max-image-preview:large","max-video-preview":"max-video-preview:-1"},"canonical":"https:\/\/www.oldtownroomspiran.com\/sl\/","og_locale":"sl_SI","og_type":"article","og_title":"Old Town Rooms Piran | Prostorne in Udobne Sobe v Piranu","og_description":"Old Town Rooms Piran ponuja prostorne sobe, moderno udobje in edinstven istrski zna\u010daj. Popolna lokacija v sredi\u0161\u010du Pirana, blizu morja.","og_url":"https:\/\/www.oldtownroomspiran.com\/sl\/","og_site_name":"Old Town Rooms","article_publisher":"https:\/\/www.facebook.com\/oldtownroomspiran","article_modified_time":"2026-02-05T14:09:06+00:00","og_image":[{"width":1024,"height":683,"url":"https:\/\/www.oldtownroomspiran.com\/wp-content\/uploads\/sites\/4\/2023\/01\/WEB-OLD_TOWN_ROOMS-DOUBLE_ROOM-main_cover.jpg","type":"image\/jpeg"}],"twitter_card":"summary_large_image","twitter_title":"Old Town Rooms Piran | Prostorne in Udobne Sobe v Piranu","twitter_description":"Old Town Rooms Piran ponuja prostorne sobe, moderno udobje in edinstven istrski zna\u010daj. Popolna lokacija v sredi\u0161\u010du Pirana, blizu morja.","twitter_image":"https:\/\/www.oldtownroomspiran.com\/wp-content\/uploads\/sites\/4\/2023\/01\/WEB-OLD_TOWN_ROOMS-DOUBLE_ROOM-main_cover.jpg","twitter_misc":{"Est. reading time":"1 minuta"},"schema":{"@context":"https:\/\/schema.org","@graph":[{"@type":["WebPage","AboutPage"],"@id":"https:\/\/www.oldtownroomspiran.com\/sl\/","url":"https:\/\/www.oldtownroomspiran.com\/sl\/","name":"Sobe v starem Piranu | Bivanje v srcu mesta","isPartOf":{"@id":"https:\/\/www.oldtownroomspiran.com\/sl\/#website"},"primaryImageOfPage":{"@id":"https:\/\/www.oldtownroomspiran.com\/sl\/#primaryimage"},"image":{"@id":"https:\/\/www.oldtownroomspiran.com\/sl\/#primaryimage"},"thumbnailUrl":"https:\/\/www.oldtownroomspiran.com\/wp-content\/uploads\/sites\/4\/2023\/01\/WEB-OLD_TOWN_ROOMS-DOUBLE_ROOM-main_cover.jpg","datePublished":"2021-03-25T15:00:25+00:00","dateModified":"2026-02-05T14:09:06+00:00","description":"Udobne sobe v starem Piranu, le korake od morja in Tartinijevega trga. Prijetna nastanitev za spro\u0161\u010deno bivanje v Piranu.","breadcrumb":{"@id":"https:\/\/www.oldtownroomspiran.com\/sl\/#breadcrumb"},"inLanguage":"sl-SI","potentialAction":[{"@type":"ReadAction","target":["https:\/\/www.oldtownroomspiran.com\/sl\/"]}]},{"@type":"ImageObject","inLanguage":"sl-SI","@id":"https:\/\/www.oldtownroomspiran.com\/sl\/#primaryimage","url":"https:\/\/www.oldtownroomspiran.com\/wp-content\/uploads\/sites\/4\/2023\/01\/WEB-OLD_TOWN_ROOMS-DOUBLE_ROOM-main_cover.jpg","contentUrl":"https:\/\/www.oldtownroomspiran.com\/wp-content\/uploads\/sites\/4\/2023\/01\/WEB-OLD_TOWN_ROOMS-DOUBLE_ROOM-main_cover.jpg","width":1024,"height":683,"caption":"Double Room - Old Town Rooms Piran"},{"@type":"BreadcrumbList","@id":"https:\/\/www.oldtownroomspiran.com\/sl\/#breadcrumb","itemListElement":[{"@type":"ListItem","position":1,"name":"Home","item":"https:\/\/www.oldtownroomspiran.com\/sl\/"},{"@type":"ListItem","position":2,"name":"Domov"}]},{"@type":"WebSite","@id":"https:\/\/www.oldtownroomspiran.com\/sl\/#website","url":"https:\/\/www.oldtownroomspiran.com\/sl\/","name":"Old Town Rooms Piran, A Charming Guesthosue on the Slovenian Coast","description":"Old Town Rooms Piran","publisher":{"@id":"https:\/\/www.oldtownroomspiran.com\/sl\/#organization"},"alternateName":"Old Town Rooms Piran","potentialAction":[{"@type":"SearchAction","target":{"@type":"EntryPoint","urlTemplate":"https:\/\/www.oldtownroomspiran.com\/sl\/?s={search_term_string}"},"query-input":{"@type":"PropertyValueSpecification","valueRequired":true,"valueName":"search_term_string"}}],"inLanguage":"sl-SI"},{"@type":"Organization","@id":"https:\/\/www.oldtownroomspiran.com\/sl\/#organization","name":"Old Town Rooms Piran","alternateName":"Burja Hotels","url":"https:\/\/www.oldtownroomspiran.com\/sl\/","logo":{"@type":"ImageObject","inLanguage":"sl-SI","@id":"https:\/\/www.oldtownroomspiran.com\/sl\/#\/schema\/logo\/image\/","url":"https:\/\/www.oldtownroomspiran.com\/wp-content\/uploads\/sites\/4\/2021\/04\/OLD_TOWN_ROOMS-LOGO_Lemon-Milk.svg","contentUrl":"https:\/\/www.oldtownroomspiran.com\/wp-content\/uploads\/sites\/4\/2021\/04\/OLD_TOWN_ROOMS-LOGO_Lemon-Milk.svg","width":1,"height":1,"caption":"Old Town Rooms Piran"},"image":{"@id":"https:\/\/www.oldtownroomspiran.com\/sl\/#\/schema\/logo\/image\/"},"sameAs":["https:\/\/www.facebook.com\/oldtownroomspiran","https:\/\/www.instagram.com\/oldtownroomspiran","https:\/\/www.linkedin.com\/company\/burjahotels"]}]}},"_links":{"self":[{"href":"https:\/\/www.oldtownroomspiran.com\/sl\/wp-json\/wp\/v2\/pages\/1448","targetHints":{"allow":["GET"]}}],"collection":[{"href":"https:\/\/www.oldtownroomspiran.com\/sl\/wp-json\/wp\/v2\/pages"}],"about":[{"href":"https:\/\/www.oldtownroomspiran.com\/sl\/wp-json\/wp\/v2\/types\/page"}],"author":[{"embeddable":true,"href":"https:\/\/www.oldtownroomspiran.com\/sl\/wp-json\/wp\/v2\/users\/1"}],"replies":[{"embeddable":true,"href":"https:\/\/www.oldtownroomspiran.com\/sl\/wp-json\/wp\/v2\/comments?post=1448"}],"version-history":[{"count":60,"href":"https:\/\/www.oldtownroomspiran.com\/sl\/wp-json\/wp\/v2\/pages\/1448\/revisions"}],"predecessor-version":[{"id":7336,"href":"https:\/\/www.oldtownroomspiran.com\/sl\/wp-json\/wp\/v2\/pages\/1448\/revisions\/7336"}],"wp:featuredmedia":[{"embeddable":true,"href":"https:\/\/www.oldtownroomspiran.com\/sl\/wp-json\/wp\/v2\/media\/4934"}],"wp:attachment":[{"href":"https:\/\/www.oldtownroomspiran.com\/sl\/wp-json\/wp\/v2\/media?parent=1448"}],"curies":[{"name":"wp","href":"https:\/\/api.w.org\/{rel}","templated":true}]}}