{"id":1452,"date":"2021-03-26T08:36:25","date_gmt":"2021-03-26T08:36:25","guid":{"rendered":"https:\/\/www.oldtownroomspiran.com\/house-rules-and-policies\/"},"modified":"2026-04-05T13:32:24","modified_gmt":"2026-04-05T11:32:24","slug":"pravila-in-pogoji-rezervacije","status":"publish","type":"page","link":"https:\/\/www.oldtownroomspiran.com\/sl\/pravila-in-pogoji-rezervacije\/","title":{"rendered":"Pravila in pogoji rezervacije"},"content":{"rendered":"","protected":false},"excerpt":{"rendered":"<p> [&#8230;]<\/p>\n<p><a class=\"btn btn-secondary understrap-read-more-link\" href=\"https:\/\/www.oldtownroomspiran.com\/sl\/pravila-in-pogoji-rezervacije\/\">Preberi ve\u010d\u2026<\/a><\/p>\n","protected":false},"author":1,"featured_media":0,"parent":0,"menu_order":0,"comment_status":"closed","ping_status":"closed","template":"page-templates\/content-general-page.php","meta":{"_acf_changed":false,"footnotes":""},"class_list":["post-1452","page","type-page","status-publish","hentry"],"acf":[],"yoast_head":"<!-- This site is optimized with the Yoast SEO plugin v27.4 - https:\/\/yoast.com\/product\/yoast-seo-wordpress\/ -->\n<title>Pravila in pogoji rezervacije v Old Town Rooms Piran | Burja Hotels<\/title>\n<meta name=\"description\" content=\"Dolo\u010dili smo pravila in pogoje rezervacije, da bi poskrbeli za ozave\u0161\u010denost in varnost na\u0161ih gostov ter prijetno izku\u0161njo v Old Town Rooms.\" \/>\n<meta name=\"robots\" content=\"index, follow, max-snippet:-1, max-image-preview:large, max-video-preview:-1\" \/>\n<link rel=\"canonical\" href=\"https:\/\/www.oldtownroomspiran.com\/sl\/pravila-in-pogoji-rezervacije\/\" \/>\n<meta property=\"og:locale\" content=\"sl_SI\" \/>\n<meta property=\"og:type\" content=\"article\" \/>\n<meta property=\"og:title\" content=\"Pravila in pogoji rezervacije v Old Town Rooms Piran | Burja Hotels\" \/>\n<meta property=\"og:description\" content=\"Dolo\u010dili smo pravila in pogoje rezervacije, da bi poskrbeli za ozave\u0161\u010denost in varnost na\u0161ih gostov ter prijetno izku\u0161njo v Old Town Rooms.\" \/>\n<meta property=\"og:url\" content=\"https:\/\/www.oldtownroomspiran.com\/sl\/pravila-in-pogoji-rezervacije\/\" \/>\n<meta property=\"og:site_name\" content=\"Old Town Rooms\" \/>\n<meta property=\"article:publisher\" content=\"https:\/\/www.facebook.com\/oldtownroomspiran\" \/>\n<meta property=\"article:modified_time\" content=\"2026-04-05T11:32:24+00:00\" \/>\n<meta property=\"og:image\" content=\"https:\/\/www.oldtownroomspiran.com\/wp-content\/uploads\/sites\/4\/2023\/01\/WEB-BURJA_HOTELS-Old_Town-MAIN.jpg\" \/>\n\t<meta property=\"og:image:width\" content=\"1024\" \/>\n\t<meta property=\"og:image:height\" content=\"666\" \/>\n\t<meta property=\"og:image:type\" content=\"image\/jpeg\" \/>\n<meta name=\"twitter:card\" content=\"summary_large_image\" \/>\n<meta name=\"twitter:title\" content=\"Pravila in pogoji rezervacije v Old Town Rooms Piran | Burja Hotels\" \/>\n<meta name=\"twitter:description\" content=\"Dolo\u010dili smo pravila in pogoje rezervacije, da bi poskrbeli za ozave\u0161\u010denost in varnost na\u0161ih gostov ter prijetno izku\u0161njo v Old Town Rooms.\" \/>\n<script type=\"application\/ld+json\" class=\"yoast-schema-graph\">{\"@context\":\"https:\\\/\\\/schema.org\",\"@graph\":[{\"@type\":\"WebPage\",\"@id\":\"https:\\\/\\\/www.oldtownroomspiran.com\\\/sl\\\/pravila-in-pogoji-rezervacije\\\/\",\"url\":\"https:\\\/\\\/www.oldtownroomspiran.com\\\/sl\\\/pravila-in-pogoji-rezervacije\\\/\",\"name\":\"Pravila in pogoji rezervacije v Old Town Rooms Piran | Burja Hotels\",\"isPartOf\":{\"@id\":\"https:\\\/\\\/www.oldtownroomspiran.com\\\/sl\\\/#website\"},\"datePublished\":\"2021-03-26T08:36:25+00:00\",\"dateModified\":\"2026-04-05T11:32:24+00:00\",\"description\":\"Dolo\u010dili smo pravila in pogoje rezervacije, da bi poskrbeli za ozave\u0161\u010denost in varnost na\u0161ih gostov ter prijetno izku\u0161njo v Old Town Rooms.\",\"breadcrumb\":{\"@id\":\"https:\\\/\\\/www.oldtownroomspiran.com\\\/sl\\\/pravila-in-pogoji-rezervacije\\\/#breadcrumb\"},\"inLanguage\":\"sl-SI\",\"potentialAction\":[{\"@type\":\"ReadAction\",\"target\":[\"https:\\\/\\\/www.oldtownroomspiran.com\\\/sl\\\/pravila-in-pogoji-rezervacije\\\/\"]}]},{\"@type\":\"BreadcrumbList\",\"@id\":\"https:\\\/\\\/www.oldtownroomspiran.com\\\/sl\\\/pravila-in-pogoji-rezervacije\\\/#breadcrumb\",\"itemListElement\":[{\"@type\":\"ListItem\",\"position\":1,\"name\":\"Home\",\"item\":\"https:\\\/\\\/www.oldtownroomspiran.com\\\/sl\\\/\"},{\"@type\":\"ListItem\",\"position\":2,\"name\":\"Pravila in pogoji rezervacije\"}]},{\"@type\":\"WebSite\",\"@id\":\"https:\\\/\\\/www.oldtownroomspiran.com\\\/sl\\\/#website\",\"url\":\"https:\\\/\\\/www.oldtownroomspiran.com\\\/sl\\\/\",\"name\":\"Old Town Rooms Piran, A Charming Guesthosue on the Slovenian Coast\",\"description\":\"Old Town Rooms Piran\",\"publisher\":{\"@id\":\"https:\\\/\\\/www.oldtownroomspiran.com\\\/sl\\\/#organization\"},\"alternateName\":\"Old Town Rooms Piran\",\"potentialAction\":[{\"@type\":\"SearchAction\",\"target\":{\"@type\":\"EntryPoint\",\"urlTemplate\":\"https:\\\/\\\/www.oldtownroomspiran.com\\\/sl\\\/?s={search_term_string}\"},\"query-input\":{\"@type\":\"PropertyValueSpecification\",\"valueRequired\":true,\"valueName\":\"search_term_string\"}}],\"inLanguage\":\"sl-SI\"},{\"@type\":\"Organization\",\"@id\":\"https:\\\/\\\/www.oldtownroomspiran.com\\\/sl\\\/#organization\",\"name\":\"Old Town Rooms Piran\",\"alternateName\":\"Burja Hotels\",\"url\":\"https:\\\/\\\/www.oldtownroomspiran.com\\\/sl\\\/\",\"logo\":{\"@type\":\"ImageObject\",\"inLanguage\":\"sl-SI\",\"@id\":\"https:\\\/\\\/www.oldtownroomspiran.com\\\/sl\\\/#\\\/schema\\\/logo\\\/image\\\/\",\"url\":\"https:\\\/\\\/www.oldtownroomspiran.com\\\/wp-content\\\/uploads\\\/sites\\\/4\\\/2021\\\/04\\\/OLD_TOWN_ROOMS-LOGO_Lemon-Milk.svg\",\"contentUrl\":\"https:\\\/\\\/www.oldtownroomspiran.com\\\/wp-content\\\/uploads\\\/sites\\\/4\\\/2021\\\/04\\\/OLD_TOWN_ROOMS-LOGO_Lemon-Milk.svg\",\"width\":1,\"height\":1,\"caption\":\"Old Town Rooms Piran\"},\"image\":{\"@id\":\"https:\\\/\\\/www.oldtownroomspiran.com\\\/sl\\\/#\\\/schema\\\/logo\\\/image\\\/\"},\"sameAs\":[\"https:\\\/\\\/www.facebook.com\\\/oldtownroomspiran\",\"https:\\\/\\\/www.instagram.com\\\/oldtownroomspiran\",\"https:\\\/\\\/www.linkedin.com\\\/company\\\/burjahotels\"]}]}<\/script>\n<!-- \/ Yoast SEO plugin. -->","yoast_head_json":{"title":"Pravila in pogoji rezervacije v Old Town Rooms Piran | Burja Hotels","description":"Dolo\u010dili smo pravila in pogoje rezervacije, da bi poskrbeli za ozave\u0161\u010denost in varnost na\u0161ih gostov ter prijetno izku\u0161njo v Old Town Rooms.","robots":{"index":"index","follow":"follow","max-snippet":"max-snippet:-1","max-image-preview":"max-image-preview:large","max-video-preview":"max-video-preview:-1"},"canonical":"https:\/\/www.oldtownroomspiran.com\/sl\/pravila-in-pogoji-rezervacije\/","og_locale":"sl_SI","og_type":"article","og_title":"Pravila in pogoji rezervacije v Old Town Rooms Piran | Burja Hotels","og_description":"Dolo\u010dili smo pravila in pogoje rezervacije, da bi poskrbeli za ozave\u0161\u010denost in varnost na\u0161ih gostov ter prijetno izku\u0161njo v Old Town Rooms.","og_url":"https:\/\/www.oldtownroomspiran.com\/sl\/pravila-in-pogoji-rezervacije\/","og_site_name":"Old Town Rooms","article_publisher":"https:\/\/www.facebook.com\/oldtownroomspiran","article_modified_time":"2026-04-05T11:32:24+00:00","og_image":[{"width":1024,"height":666,"url":"https:\/\/www.oldtownroomspiran.com\/wp-content\/uploads\/sites\/4\/2023\/01\/WEB-BURJA_HOTELS-Old_Town-MAIN.jpg","type":"image\/jpeg"}],"twitter_card":"summary_large_image","twitter_title":"Pravila in pogoji rezervacije v Old Town Rooms Piran | Burja Hotels","twitter_description":"Dolo\u010dili smo pravila in pogoje rezervacije, da bi poskrbeli za ozave\u0161\u010denost in varnost na\u0161ih gostov ter prijetno izku\u0161njo v Old Town Rooms.","schema":{"@context":"https:\/\/schema.org","@graph":[{"@type":"WebPage","@id":"https:\/\/www.oldtownroomspiran.com\/sl\/pravila-in-pogoji-rezervacije\/","url":"https:\/\/www.oldtownroomspiran.com\/sl\/pravila-in-pogoji-rezervacije\/","name":"Pravila in pogoji rezervacije v Old Town Rooms Piran | Burja Hotels","isPartOf":{"@id":"https:\/\/www.oldtownroomspiran.com\/sl\/#website"},"datePublished":"2021-03-26T08:36:25+00:00","dateModified":"2026-04-05T11:32:24+00:00","description":"Dolo\u010dili smo pravila in pogoje rezervacije, da bi poskrbeli za ozave\u0161\u010denost in varnost na\u0161ih gostov ter prijetno izku\u0161njo v Old Town Rooms.","breadcrumb":{"@id":"https:\/\/www.oldtownroomspiran.com\/sl\/pravila-in-pogoji-rezervacije\/#breadcrumb"},"inLanguage":"sl-SI","potentialAction":[{"@type":"ReadAction","target":["https:\/\/www.oldtownroomspiran.com\/sl\/pravila-in-pogoji-rezervacije\/"]}]},{"@type":"BreadcrumbList","@id":"https:\/\/www.oldtownroomspiran.com\/sl\/pravila-in-pogoji-rezervacije\/#breadcrumb","itemListElement":[{"@type":"ListItem","position":1,"name":"Home","item":"https:\/\/www.oldtownroomspiran.com\/sl\/"},{"@type":"ListItem","position":2,"name":"Pravila in pogoji rezervacije"}]},{"@type":"WebSite","@id":"https:\/\/www.oldtownroomspiran.com\/sl\/#website","url":"https:\/\/www.oldtownroomspiran.com\/sl\/","name":"Old Town Rooms Piran, A Charming Guesthosue on the Slovenian Coast","description":"Old Town Rooms Piran","publisher":{"@id":"https:\/\/www.oldtownroomspiran.com\/sl\/#organization"},"alternateName":"Old Town Rooms Piran","potentialAction":[{"@type":"SearchAction","target":{"@type":"EntryPoint","urlTemplate":"https:\/\/www.oldtownroomspiran.com\/sl\/?s={search_term_string}"},"query-input":{"@type":"PropertyValueSpecification","valueRequired":true,"valueName":"search_term_string"}}],"inLanguage":"sl-SI"},{"@type":"Organization","@id":"https:\/\/www.oldtownroomspiran.com\/sl\/#organization","name":"Old Town Rooms Piran","alternateName":"Burja Hotels","url":"https:\/\/www.oldtownroomspiran.com\/sl\/","logo":{"@type":"ImageObject","inLanguage":"sl-SI","@id":"https:\/\/www.oldtownroomspiran.com\/sl\/#\/schema\/logo\/image\/","url":"https:\/\/www.oldtownroomspiran.com\/wp-content\/uploads\/sites\/4\/2021\/04\/OLD_TOWN_ROOMS-LOGO_Lemon-Milk.svg","contentUrl":"https:\/\/www.oldtownroomspiran.com\/wp-content\/uploads\/sites\/4\/2021\/04\/OLD_TOWN_ROOMS-LOGO_Lemon-Milk.svg","width":1,"height":1,"caption":"Old Town Rooms Piran"},"image":{"@id":"https:\/\/www.oldtownroomspiran.com\/sl\/#\/schema\/logo\/image\/"},"sameAs":["https:\/\/www.facebook.com\/oldtownroomspiran","https:\/\/www.instagram.com\/oldtownroomspiran","https:\/\/www.linkedin.com\/company\/burjahotels"]}]}},"_links":{"self":[{"href":"https:\/\/www.oldtownroomspiran.com\/sl\/wp-json\/wp\/v2\/pages\/1452","targetHints":{"allow":["GET"]}}],"collection":[{"href":"https:\/\/www.oldtownroomspiran.com\/sl\/wp-json\/wp\/v2\/pages"}],"about":[{"href":"https:\/\/www.oldtownroomspiran.com\/sl\/wp-json\/wp\/v2\/types\/page"}],"author":[{"embeddable":true,"href":"https:\/\/www.oldtownroomspiran.com\/sl\/wp-json\/wp\/v2\/users\/1"}],"replies":[{"embeddable":true,"href":"https:\/\/www.oldtownroomspiran.com\/sl\/wp-json\/wp\/v2\/comments?post=1452"}],"version-history":[{"count":55,"href":"https:\/\/www.oldtownroomspiran.com\/sl\/wp-json\/wp\/v2\/pages\/1452\/revisions"}],"predecessor-version":[{"id":7552,"href":"https:\/\/www.oldtownroomspiran.com\/sl\/wp-json\/wp\/v2\/pages\/1452\/revisions\/7552"}],"wp:attachment":[{"href":"https:\/\/www.oldtownroomspiran.com\/sl\/wp-json\/wp\/v2\/media?parent=1452"}],"curies":[{"name":"wp","href":"https:\/\/api.w.org\/{rel}","templated":true}]}}